{"id":1527,"date":"2023-03-04T09:21:36","date_gmt":"2023-03-04T09:21:36","guid":{"rendered":"https:\/\/churmedizin.com\/?page_id=1527"},"modified":"2023-03-04T09:24:05","modified_gmt":"2023-03-04T09:24:05","slug":"cookie-policy","status":"publish","type":"page","link":"https:\/\/churmedizin.com\/de\/cookie-policy\/","title":{"rendered":"Cookie Policy"},"content":{"rendered":"<p><div class=\"fusion-bg-parallax\" data-bg-align=\"center top\" data-direction=\"down\" data-mute=\"false\" data-opacity=\"100\" data-velocity=\"-0.4\" data-mobile-enabled=\"false\" data-break_parents=\"0\" data-bg-image=\"https:\/\/churmedizin.com\/wp-content\/uploads\/2016\/01\/header-image-about.jpg\" data-bg-repeat=\"false\" ><\/div><div class=\"fusion-fullwidth fullwidth-box fusion-builder-row-1 fusion-flex-container fusion-parallax-down nonhundred-percent-fullwidth non-hundred-percent-height-scrolling lazyload\" style=\"background-color: rgba(255,255,255,0);background-position: center top;background-repeat: no-repeat;border-width: 0px 0px 0px 0px;border-color:var(--awb-color3);border-style:solid;-webkit-background-size:cover;-moz-background-size:cover;-o-background-size:cover;background-size:cover;\" data-bg=\"https:\/\/churmedizin.com\/wp-content\/uploads\/2016\/01\/header-image-about.jpg\" ><div class=\"fusion-builder-row fusion-row fusion-flex-align-items-flex-start\" style=\"max-width:calc( 1170px + 0px );margin-left: calc(-0px \/ 2 );margin-right: calc(-0px \/ 2 );\"><div class=\"fusion-layout-column fusion_builder_column fusion-builder-column-0 fusion_builder_column_1_1 1_1 fusion-flex-column\"><div class=\"fusion-column-wrapper fusion-flex-justify-content-flex-start fusion-content-layout-column\" style=\"background-position:left top;background-blend-mode: overlay;background-repeat:no-repeat;-webkit-background-size:cover;-moz-background-size:cover;-o-background-size:cover;background-size:cover;padding: 0px 0px 0px 0px;\"><style type=\"text\/css\">@media only screen and (max-width:1024px) {.fusion-title.fusion-title-1{margin-top:20px!important;margin-right:!important;margin-bottom:!important; margin-left:!important;}}@media only screen and (max-width:640px) {.fusion-title.fusion-title-1{margin-top:0px!important; margin-right:0px!important;margin-bottom:20px!important; margin-left:0px!important;}}<\/style><div class=\"fusion-title title fusion-title-1 fusion-sep-none fusion-title-center fusion-title-text fusion-title-size-one\" style=\"margin-top:50px;margin-right:0px;margin-bottom:30px;margin-left:0px;\"><h1 class=\"title-heading-center fusion-responsive-typography-calculated\" style=\"margin:0;text-transform:capitalize;color:var(--awb-color1);--fontSize:80;line-height:var(--awb-typography1-line-height);\">Cookie Policy<\/h1><\/div><\/div><style type=\"text\/css\">.fusion-body .fusion-builder-column-0{width:100% !important;margin-top : 0px;margin-bottom : 30px;}.fusion-builder-column-0 > .fusion-column-wrapper {padding-top : 0px !important;padding-right : 0px !important;margin-right : 0px;padding-bottom : 0px !important;padding-left : 0px !important;margin-left : 0px;}@media only screen and (max-width:1024px) {.fusion-body .fusion-builder-column-0{width:100% !important;}.fusion-builder-column-0 > .fusion-column-wrapper {margin-right : 0px;margin-left : 0px;}}@media only screen and (max-width:640px) {.fusion-body .fusion-builder-column-0{width:100% !important;}.fusion-builder-column-0 > .fusion-column-wrapper {margin-right : 0px;margin-left : 0px;}}<\/style><\/div><\/div><style type=\"text\/css\">.fusion-body .fusion-flex-container.fusion-builder-row-1{ padding-top : 10%;margin-top : 0px;padding-right : 5%;padding-bottom : 10%;margin-bottom : 0px;padding-left : 5%;}<\/style><\/div><div class=\"fusion-fullwidth fullwidth-box fusion-builder-row-2 fusion-flex-container has-pattern-background has-mask-background nonhundred-percent-fullwidth non-hundred-percent-height-scrolling\" style=\"background-color: #ffffff;background-position: center center;background-repeat: no-repeat;border-width: 0px 0px 0px 0px;border-color:var(--awb-color3);border-style:solid;\" ><div class=\"fusion-builder-row fusion-row fusion-flex-align-items-flex-start fusion-flex-justify-content-center\" style=\"max-width:1216.8px;margin-left: calc(-4% \/ 2 );margin-right: calc(-4% \/ 2 );\"><div class=\"fusion-layout-column fusion_builder_column fusion-builder-column-1 fusion_builder_column_1_1 1_1 fusion-flex-column\"><div class=\"fusion-column-wrapper fusion-flex-justify-content-flex-start fusion-content-layout-column\" style=\"background-position:left top;background-blend-mode: overlay;background-repeat:no-repeat;-webkit-background-size:cover;-moz-background-size:cover;-o-background-size:cover;background-size:cover;padding: 0px 0px 0px 0px;\"><div class=\"fusion-separator fusion-full-width-sep\" style=\"align-self: center;margin-left: auto;margin-right: auto;margin-top:20px;width:100%;\"><\/div><style type=\"text\/css\">@media only screen and (max-width:1024px) {.fusion-title.fusion-title-2{margin-top:0px!important; margin-right:0px!important;margin-bottom:30px!important;margin-left:0px!important;}}@media only screen and (max-width:640px) {.fusion-title.fusion-title-2{margin-top:0px!important; margin-right:0px!important;margin-bottom:20px!important; margin-left:0px!important;}}<\/style><div class=\"fusion-title title fusion-title-2 fusion-sep-none fusion-title-center fusion-title-text fusion-title-size-three\" style=\"margin-top:0px;margin-right:0px;margin-bottom:30px;margin-left:0px;\"><h3 class=\"title-heading-center fusion-responsive-typography-calculated\" style=\"margin:0;text-transform:capitalize;--fontSize:22;--minFontSize:22px;line-height:2.2;\">COOKIE POLICY<\/h3><\/div><div class=\"fusion-separator\" style=\"align-self: center;margin-left: auto;margin-right: auto;margin-top:0px;margin-bottom:30px;width:100%;max-width:280px;\"><div class=\"fusion-separator-border sep-single sep-solid\" style=\"border-color:var(--awb-color3);border-top-width:2px;\"><\/div><\/div><style type=\"text\/css\">@media only screen and (max-width:1024px) {.fusion-title.fusion-title-3{margin-top:0px!important; margin-right:0px!important;margin-bottom:0px!important;margin-left:0px!important;}}@media only screen and (max-width:640px) {.fusion-title.fusion-title-3{margin-top:0px!important; margin-right:0px!important;margin-bottom:20px!important; margin-left:0px!important;}}<\/style><div class=\"fusion-title title fusion-title-3 fusion-sep-none fusion-title-text fusion-title-size-three\" style=\"font-size:var(--awb-typography2-font-size);margin-top:0px;margin-right:0px;margin-bottom:0px;margin-left:0px;\"><h3 class=\"title-heading-left fusion-responsive-typography-calculated\" style=\"font-family:var(--awb-typography2-font-family);font-weight:var(--awb-typography2-font-weight);font-style:var(--awb-typography2-font-style);margin:0;font-size:1em;letter-spacing:var(--awb-typography2-letter-spacing);text-transform:var(--awb-typography2-text-transform);--fontSize:22;--minFontSize:var(--awb-typography2-font-size);line-height:var(--awb-typography2-line-height);\"><p><strong>Was sind Cookies?<\/strong><br \/>\nDiese Cookie-Richtlinie erkl\u00e4rt, was Cookies sind und wie wir sie verwenden, welche Arten von Cookies wir verwenden, welche Informationen wir mit Hilfe von Cookies sammeln und wie diese Informationen verwendet werden, und wie Sie die Cookie-Einstellungen verwalten k\u00f6nnen.<\/p>\n<p>Cookies sind kleine Textdateien, die dazu dienen, kleine Informationen zu speichern. Sie werden auf Ihrem Ger\u00e4t gespeichert, wenn die Website \u00fcber Ihren Browser geladen wird. Diese Cookies helfen uns, die Website ordnungsgem\u00e4\u00df funktionieren zu lassen, sie sicherer zu machen, die Benutzerfreundlichkeit zu verbessern und zu verstehen, wie die Website funktioniert, um zu analysieren, was funktioniert und wo sie verbessert werden muss.<\/p>\n<p><strong>Wie verwenden wir Cookies?<\/strong><br \/>\nWie die meisten Online-Dienste verwendet auch unsere Website Erstanbieter- und Drittanbieter-Cookies f\u00fcr verschiedene Zwecke. Cookies von Erstanbietern sind in den meisten F\u00e4llen notwendig, damit die Website richtig funktioniert, und sie erfassen keine personenbezogenen Daten von Ihnen.<\/p>\n<p>Die Cookies von Drittanbietern, die auf unserer Website verwendet werden, dienen haupts\u00e4chlich dazu, zu verstehen, wie die Website funktioniert, wie Sie mit unserer Website interagieren, unsere Dienste sicher zu halten, Ihnen Werbung zu liefern, die f\u00fcr Sie relevant ist, und Ihnen alles in allem eine bessere und verbesserte Benutzererfahrung zu bieten und Ihre zuk\u00fcnftigen Interaktionen mit unserer Website zu beschleunigen.<\/p>\n<p><strong>Arten von Cookies, die wir verwenden<\/strong><\/p>\n<p>Verwalten von Cookie-Einstellungen<br \/>\nCookie-Einstellungen<br \/>\nSie k\u00f6nnen Ihre Cookie-Einstellungen jederzeit \u00e4ndern, indem Sie auf die obige Schaltfl\u00e4che klicken. Auf diese Weise k\u00f6nnen Sie das Cookie-Einwilligungsbanner erneut aufrufen und Ihre Einstellungen \u00e4ndern oder Ihre Einwilligung sofort widerrufen.<\/p>\n<p>Dar\u00fcber hinaus bieten verschiedene Browser unterschiedliche Methoden zum Blockieren und L\u00f6schen von Cookies, die von Websites verwendet werden. Sie k\u00f6nnen die Einstellungen Ihres Browsers \u00e4ndern, um die Cookies zu blockieren\/l\u00f6schen. Nachfolgend finden Sie Links zu den Support-Dokumenten der wichtigsten Webbrowser, in denen beschrieben wird, wie Sie Cookies verwalten und l\u00f6schen k\u00f6nnen.<\/p>\n<p>Chrome: https:\/\/support.google.com\/accounts\/answer\/32050<\/p>\n<p>Safari: https:\/\/support.apple.com\/en-in\/guide\/safari\/sfri11471\/mac<\/p>\n<p>Firefox: https:\/\/support.mozilla.org\/en-US\/kb\/clear-cookies-and-site-data-firefox?redirectslug=delete-cookies-remove-info-websites-stored&amp;redirectlocale=en-US<\/p>\n<p>Internet Explorer: https:\/\/support.microsoft.com\/en-us\/topic\/how-to-delete-cookie-files-in-internet-explorer-bca9446f-d873-78de-77ba-d42645fa52fc<\/p>\n<p>Wenn Sie einen anderen Webbrowser verwenden, besuchen Sie bitte die offiziellen Support-Dokumente Ihres Browsers.<\/p><\/h3><\/div><\/div><style type=\"text\/css\">.fusion-body .fusion-builder-column-1{width:100% !important;margin-top : 0px;margin-bottom : 60px;}.fusion-builder-column-1 > .fusion-column-wrapper {padding-top : 0px !important;padding-right : 0px !important;margin-right : 1.92%;padding-bottom : 0px !important;padding-left : 0px !important;margin-left : 1.92%;}@media only screen and (max-width:1024px) {.fusion-body .fusion-builder-column-1{width:80% !important;}.fusion-builder-column-1 > .fusion-column-wrapper {margin-right : 2.4%;margin-left : 2.4%;}}@media only screen and (max-width:640px) {.fusion-body .fusion-builder-column-1{width:100% !important;}.fusion-builder-column-1 > .fusion-column-wrapper {margin-right : 1.92%;margin-left : 1.92%;}}<\/style><\/div><\/div><style type=\"text\/css\">.fusion-body .fusion-flex-container.fusion-builder-row-2{ padding-top : 100px;margin-top : 0px;padding-right : 0px;padding-bottom : 130px;margin-bottom : 0px;padding-left : 0px;}<\/style><\/div><\/p>\n","protected":false},"excerpt":{"rendered":"","protected":false},"author":1,"featured_media":0,"parent":0,"menu_order":0,"comment_status":"closed","ping_status":"closed","template":"100-width.php","meta":{"footnotes":""},"_links":{"self":[{"href":"https:\/\/churmedizin.com\/de\/wp-json\/wp\/v2\/pages\/1527"}],"collection":[{"href":"https:\/\/churmedizin.com\/de\/wp-json\/wp\/v2\/pages"}],"about":[{"href":"https:\/\/churmedizin.com\/de\/wp-json\/wp\/v2\/types\/page"}],"author":[{"embeddable":true,"href":"https:\/\/churmedizin.com\/de\/wp-json\/wp\/v2\/users\/1"}],"replies":[{"embeddable":true,"href":"https:\/\/churmedizin.com\/de\/wp-json\/wp\/v2\/comments?post=1527"}],"version-history":[{"count":1,"href":"https:\/\/churmedizin.com\/de\/wp-json\/wp\/v2\/pages\/1527\/revisions"}],"predecessor-version":[{"id":1530,"href":"https:\/\/churmedizin.com\/de\/wp-json\/wp\/v2\/pages\/1527\/revisions\/1530"}],"wp:attachment":[{"href":"https:\/\/churmedizin.com\/de\/wp-json\/wp\/v2\/media?parent=1527"}],"curies":[{"name":"wp","href":"https:\/\/api.w.org\/{rel}","templated":true}]}}